{"id":223161,"date":"2024-09-11T09:01:01","date_gmt":"2024-09-11T07:01:01","guid":{"rendered":"https:\/\/www.vikendholicari.hr\/?page_id=223161"},"modified":"2024-09-11T09:01:03","modified_gmt":"2024-09-11T07:01:03","slug":"koristenje-kolacica","status":"publish","type":"page","link":"https:\/\/www.vikendholicari.hr\/planovi-vikend-putovanja\/koristenje-kolacica\/","title":{"rendered":"Kori\u0161tenje kola\u010di\u0107a"},"content":{"rendered":"<p>[et_pb_section fb_built=&#8221;1&#8243; _builder_version=&#8221;4.27.0&#8243; _module_preset=&#8221;default&#8221; custom_padding=&#8221;55px||80px|||&#8221; global_colors_info=&#8221;{}&#8221; theme_builder_area=&#8221;post_content&#8221;][et_pb_row _builder_version=&#8221;4.27.0&#8243; _module_preset=&#8221;default&#8221; width=&#8221;85%&#8221; custom_padding=&#8221;||33px|||&#8221; border_color_bottom=&#8221;gcid-primary-color&#8221; global_colors_info=&#8221;{%22gcid-primary-color%22:%91%22border_color_bottom%22%93}&#8221; theme_builder_area=&#8221;post_content&#8221;][et_pb_column type=&#8221;4_4&#8243; _builder_version=&#8221;4.27.0&#8243; _module_preset=&#8221;default&#8221; global_colors_info=&#8221;{}&#8221; theme_builder_area=&#8221;post_content&#8221;][et_pb_text _builder_version=&#8221;4.27.0&#8243; _module_preset=&#8221;default&#8221; header_2_font=&#8221;|600||on|||||&#8221; header_2_text_align=&#8221;left&#8221; header_2_font_size=&#8221;34px&#8221; custom_margin=&#8221;||16px|||&#8221; hover_enabled=&#8221;0&#8243; global_colors_info=&#8221;{}&#8221; theme_builder_area=&#8221;post_content&#8221; sticky_enabled=&#8221;0&#8243;]<\/p>\n<h2>Kori\u0161tenje kola\u010di\u0107a<\/h2>\n<p>[\/et_pb_text][et_pb_text _builder_version=&#8221;4.27.0&#8243; _module_preset=&#8221;default&#8221; header_2_text_align=&#8221;left&#8221; header_3_font_size=&#8221;29px&#8221; header_3_line_height=&#8221;1.3em&#8221; custom_margin=&#8221;||38px|||&#8221; global_colors_info=&#8221;{}&#8221; theme_builder_area=&#8221;post_content&#8221;]<\/p>\n<p>U daljnjem tekstu \u017eelimo Vam pru\u017eiti informacije o upotrebi kola\u010di\u0107a i drugih tehnologija na internetskim stranicama Vikendholi\u010dari.hr (u daljnejm tekstu: Internet stranica).<\/p>\n<p>Kola\u010di\u0107 predstavlja informaciju koja se pohranjuje na Va\u0161e ra\u010dunalo od strane Internet stranice koju posje\u0107ujete. Kola\u010di\u0107i obi\u010dno spremaju Va\u0161e postavke te postavke za Internet stranicu, a kao \u0161to su preferirani jezik ili adresa. Nakon \u0161to naknadno opet posjetite istu Internet stranicu, Internet preglednik povratno oda\u0161ilje kola\u010di\u0107e koji pripadaju toj Internet stranici. Time se omogu\u0107ava Internet stranici da prika\u017ee informacije prilago\u0111ene Va\u0161im potrebama.<\/p>\n<p>Svrha kola\u010di\u0107a<br \/>Kako bi se osigurao pravilan rad Internet stranicama daljnja unaprje\u0111enja te pobolj\u0161anja Va\u0161ih iskustava u pregledavanju, Internet stranica na Va\u0161e ra\u010dunalo pohranjuje malenu koli\u010dinu informacija (kola\u010di\u0107e).<\/p>\n<p>Koje informacije kola\u010di\u0107i mogu pohranjivati?<br \/>Kola\u010di\u0107i mogu pohranjivati \u0161irok pojas informacija uklju\u010duju\u0107i osobne informacije (kao \u0161to je Va\u0161e ime ili e-mail adresa). Ipak, ova informacija mo\u017ee biti spremljena jedino ako Vi to omogu\u0107ite. Naime, Internet stranica ne mo\u017ee dobiti pristup informacijama koje im Vi niste dali i ne mogu pristupiti drugim datotekama na Va\u0161em ra\u010dunalu. Zadane aktivnosti spremanja i slanja kola\u010di\u0107a Vama nisu vidljive. Ipak, mo\u017eete promijeniti Va\u0161e postavke Internet preglednika kako bi mogli sami birati ho\u0107ete li zahtjeve za pohranu kola\u010di\u0107a odobriti ili odbiti, pobrisat spremljene kola\u010di\u0107e automatski pri zatvaranju Internet preglednika i sli\u010dno.<\/p>\n<p>Pristanak na pohranjivanje kola\u010di\u0107a<br \/>Kori\u0161tenjem Internet stranica bez promjene postavki kojima bi se uskratila suglasnost na pohranu kola\u010di\u0107a na Va\u0161e ra\u010dunalo, prihva\u0107ate kori\u0161tenje i pohranu kola\u010di\u0107a na Va\u0161e ra\u010dunalo. Ukoliko ne pristanete na pohranu kola\u010di\u0107a, pohranjivanje istih na Va\u0161em ra\u010dunalu bit \u0107e onemogu\u0107eno, a Vi \u0107ete i dalje biti u mogu\u0107nosti pregledavati Internet stranice, s time da Vam pojedine mogu\u0107nosti Internet stranice ne\u0107e biti dostupne.<\/p>\n<p>Kako onemogu\u0107iti kola\u010di\u0107e<br \/>Isklju\u010divanjem kola\u010di\u0107a odlu\u010dujete ho\u0107ete li dopustiti pohranjivanje kola\u010di\u0107a na va\u0161em ra\u010dunalu. Postavke kola\u010di\u0107a mogu se kontrolirati i konfigurirati u va\u0161em Internet pregledniku.<\/p>\n<p>Ako onemogu\u0107ite kola\u010di\u0107e, ne\u0107ete mo\u0107i koristiti neke od funkcionalnosti na Internet stranicama. Internet stranice koriste kola\u010di\u0107e kako bi Vam se omogu\u0107ilo \u0161to bolje korisni\u010dko iskustvo.<\/p>\n<p>Kakve kola\u010di\u0107e koristi Internet stranica i za\u0161to<br \/>Privremeni kola\u010di\u0107i (Session cookies) \u2013 to su privremeni kola\u010di\u0107i koji istje\u010du (i automatski se bri\u0161u) kada zatvorite Internet preglednik. Internet stranice koriste session cookies kako bi omogu\u0107ila pristup sadr\u017eaju. Trajni kola\u010di\u0107i (Persistent cookies) \u2013 obi\u010dno imaju datum isteka daleko u budu\u0107nosti te \u0107e ostati u va\u0161em pregledniku, sve dok ne isteknu, ili dok ih ru\u010dno ne izbri\u0161ete. Internet stranice koristi trajne kola\u010di\u0107e kako bi bolje razumjeli navike korisnika, tako da mo\u017eemo pobolj\u0161ati Internet stranicu prema Va\u0161im navikama. Ova informacija je anonimna \u2013 ne vidimo individualne podatke korisnika.<\/p>\n<p>Postoje li na Internet stranici kola\u010di\u0107i tre\u0107e strane?<br \/>Postoji nekoliko vanjskih servisa koji na Va\u0161a ra\u010dunala pohranjuju limitirane kola\u010di\u0107e. Ovi kola\u010di\u0107i nisu postavljeni od strane Internet stranice, ali neki slu\u017ee za normalno funkcioniranje odre\u0111enih mogu\u0107nosti koje korisnicima olak\u0161avaju pristup sadr\u017eaju.<\/p>\n<p>Trenutno omogu\u0107ujemo:<\/p>\n<p>Dru\u0161tvene mre\u017ee \u2013 korisnici mogu dijeliti objave na dru\u0161tvenim mre\u017eama Facebook i Google+ koje \u0107e na Va\u0161e ra\u010dunalo pohraniti kola\u010di\u0107e. Mjerenje posje\u0107enosti \u2013 Internet stranica koristi servis za mjerenje posje\u0107enosti, a to je Google Analytics. Ukoliko \u017eelite onemogu\u0107iti da navedeni servisi pohranjuju kola\u010di\u0107e na Va\u0161em ra\u010dunalu, mo\u017eete blokirati kola\u010di\u0107e.<\/p>\n<p>Voditelj obrade: MaGoMa d.o.o., Ote Habeka 14, Ka\u0161ina, Republika Hrvatska, OIB: 24988939673, predstavnik voditelja obrade e-mail: info@vikendholicari.hr<br \/>Slu\u017ebenik za za\u0161titu podataka: Sve upite, zahtjeve, nejasno\u0107e, molbe ili prigovore korisnik mo\u017ee u svako doba uputiti slu\u017ebeniku za za\u0161titu podataka na e-mail: info@vikendholicari.hr<br \/>Izvr\u0161itelj obrade: MaGoMa d.o.o., Ote Habeka 14, Ka\u0161ina, Republika Hrvatska, OIB: 24988939673<\/p>\n<p>[\/et_pb_text][\/et_pb_column][\/et_pb_row][\/et_pb_section]<\/p>\n","protected":false},"excerpt":{"rendered":"<p>Kori\u0161tenje kola\u010di\u0107aU daljnjem tekstu \u017eelimo Vam pru\u017eiti informacije o upotrebi kola\u010di\u0107a i drugih tehnologija na internetskim stranicama Vikendholi\u010dari.hr (u daljnejm tekstu: Internet stranica). Kola\u010di\u0107 predstavlja informaciju koja se pohranjuje na Va\u0161e ra\u010dunalo od strane Internet stranice koju posje\u0107ujete. Kola\u010di\u0107i obi\u010dno spremaju Va\u0161e postavke te postavke za Internet stranicu, a kao \u0161to su preferirani jezik ili [&hellip;]<\/p>\n","protected":false},"author":1,"featured_media":0,"parent":0,"menu_order":0,"comment_status":"closed","ping_status":"closed","template":"","meta":{"_acf_changed":false,"_et_pb_use_builder":"on","_et_pb_old_content":"","_et_gb_content_width":"","footnotes":""},"class_list":["post-223161","page","type-page","status-publish","hentry"],"acf":[],"yoast_head":"<!-- This site is optimized with the Yoast SEO plugin v27.4 - https:\/\/yoast.com\/product\/yoast-seo-wordpress\/ -->\n<title>Kori\u0161tenje kola\u010di\u0107a - Vikendholi\u010dari<\/title>\n<meta name=\"robots\" content=\"index, follow, max-snippet:-1, max-image-preview:large, max-video-preview:-1\" \/>\n<link rel=\"canonical\" href=\"https:\/\/www.vikendholicari.hr\/planovi-vikend-putovanja\/koristenje-kolacica\/\" \/>\n<meta property=\"og:locale\" content=\"hr_HR\" \/>\n<meta property=\"og:type\" content=\"article\" \/>\n<meta property=\"og:title\" content=\"Kori\u0161tenje kola\u010di\u0107a - Vikendholi\u010dari\" \/>\n<meta property=\"og:description\" content=\"Kori\u0161tenje kola\u010di\u0107aU daljnjem tekstu \u017eelimo Vam pru\u017eiti informacije o upotrebi kola\u010di\u0107a i drugih tehnologija na internetskim stranicama Vikendholi\u010dari.hr (u daljnejm tekstu: Internet stranica). Kola\u010di\u0107 predstavlja informaciju koja se pohranjuje na Va\u0161e ra\u010dunalo od strane Internet stranice koju posje\u0107ujete. Kola\u010di\u0107i obi\u010dno spremaju Va\u0161e postavke te postavke za Internet stranicu, a kao \u0161to su preferirani jezik ili [&hellip;]\" \/>\n<meta property=\"og:site_name\" content=\"Vikendholi\u010dari\" \/>\n<meta property=\"article:publisher\" content=\"https:\/\/www.facebook.com\/vikendholicari\" \/>\n<meta property=\"article:modified_time\" content=\"2024-09-11T07:01:03+00:00\" \/>\n<meta property=\"og:image\" content=\"https:\/\/www.vikendholicari.hr\/planovi-vikend-putovanja\/wp-content\/uploads\/2025\/11\/Potpis_Mario-1.png\" \/>\n\t<meta property=\"og:image:width\" content=\"100\" \/>\n\t<meta property=\"og:image:height\" content=\"100\" \/>\n\t<meta property=\"og:image:type\" content=\"image\/png\" \/>\n<meta name=\"twitter:card\" content=\"summary_large_image\" \/>\n<meta name=\"twitter:label1\" content=\"Procijenjeno vrijeme \u010ditanja\" \/>\n\t<meta name=\"twitter:data1\" content=\"4 minute\" \/>\n<script type=\"application\/ld+json\" class=\"yoast-schema-graph\">{\"@context\":\"https:\\\/\\\/schema.org\",\"@graph\":[{\"@type\":\"WebPage\",\"@id\":\"https:\\\/\\\/www.vikendholicari.hr\\\/planovi-vikend-putovanja\\\/koristenje-kolacica\\\/\",\"url\":\"https:\\\/\\\/www.vikendholicari.hr\\\/planovi-vikend-putovanja\\\/koristenje-kolacica\\\/\",\"name\":\"Kori\u0161tenje kola\u010di\u0107a - Vikendholi\u010dari\",\"isPartOf\":{\"@id\":\"https:\\\/\\\/www.vikendholicari.hr\\\/planovi-vikend-putovanja\\\/#website\"},\"datePublished\":\"2024-09-11T07:01:01+00:00\",\"dateModified\":\"2024-09-11T07:01:03+00:00\",\"breadcrumb\":{\"@id\":\"https:\\\/\\\/www.vikendholicari.hr\\\/planovi-vikend-putovanja\\\/koristenje-kolacica\\\/#breadcrumb\"},\"inLanguage\":\"hr\",\"potentialAction\":[{\"@type\":\"ReadAction\",\"target\":[\"https:\\\/\\\/www.vikendholicari.hr\\\/planovi-vikend-putovanja\\\/koristenje-kolacica\\\/\"]}]},{\"@type\":\"BreadcrumbList\",\"@id\":\"https:\\\/\\\/www.vikendholicari.hr\\\/planovi-vikend-putovanja\\\/koristenje-kolacica\\\/#breadcrumb\",\"itemListElement\":[{\"@type\":\"ListItem\",\"position\":1,\"name\":\"Po\u010detna stranica\",\"item\":\"https:\\\/\\\/www.vikendholicari.hr\\\/planovi-vikend-putovanja\\\/\"},{\"@type\":\"ListItem\",\"position\":2,\"name\":\"Kori\u0161tenje kola\u010di\u0107a\"}]},{\"@type\":\"WebSite\",\"@id\":\"https:\\\/\\\/www.vikendholicari.hr\\\/planovi-vikend-putovanja\\\/#website\",\"url\":\"https:\\\/\\\/www.vikendholicari.hr\\\/planovi-vikend-putovanja\\\/\",\"name\":\"Vikendholi\u010dari\",\"description\":\"\u017deli\u0161 iskusiti \u010daroliju vikend putovanja, ali ne \u017eeli\u0161 satima tra\u017eiti savr\u0161enu destinaciju?\",\"publisher\":{\"@id\":\"https:\\\/\\\/www.vikendholicari.hr\\\/planovi-vikend-putovanja\\\/#organization\"},\"potentialAction\":[{\"@type\":\"SearchAction\",\"target\":{\"@type\":\"EntryPoint\",\"urlTemplate\":\"https:\\\/\\\/www.vikendholicari.hr\\\/planovi-vikend-putovanja\\\/?s={search_term_string}\"},\"query-input\":{\"@type\":\"PropertyValueSpecification\",\"valueRequired\":true,\"valueName\":\"search_term_string\"}}],\"inLanguage\":\"hr\"},{\"@type\":\"Organization\",\"@id\":\"https:\\\/\\\/www.vikendholicari.hr\\\/planovi-vikend-putovanja\\\/#organization\",\"name\":\"MAGOMA d.o.o.\",\"url\":\"https:\\\/\\\/www.vikendholicari.hr\\\/planovi-vikend-putovanja\\\/\",\"logo\":{\"@type\":\"ImageObject\",\"inLanguage\":\"hr\",\"@id\":\"https:\\\/\\\/www.vikendholicari.hr\\\/planovi-vikend-putovanja\\\/#\\\/schema\\\/logo\\\/image\\\/\",\"url\":\"https:\\\/\\\/www.vikendholicari.hr\\\/planovi-vikend-putovanja\\\/wp-content\\\/uploads\\\/2024\\\/08\\\/Vikendholicari-logo-horizontal.png\",\"contentUrl\":\"https:\\\/\\\/www.vikendholicari.hr\\\/planovi-vikend-putovanja\\\/wp-content\\\/uploads\\\/2024\\\/08\\\/Vikendholicari-logo-horizontal.png\",\"width\":600,\"height\":176,\"caption\":\"MAGOMA d.o.o.\"},\"image\":{\"@id\":\"https:\\\/\\\/www.vikendholicari.hr\\\/planovi-vikend-putovanja\\\/#\\\/schema\\\/logo\\\/image\\\/\"},\"sameAs\":[\"https:\\\/\\\/www.facebook.com\\\/vikendholicari\",\"https:\\\/\\\/www.instagram.com\\\/vikendholicari\\\/\",\"https:\\\/\\\/www.tiktok.com\\\/@vikendholicari\",\"https:\\\/\\\/www.linkedin.com\\\/company\\\/vikendholicari\\\/?originalSubdomain=hr\"]}]}<\/script>\n<!-- \/ Yoast SEO plugin. -->","yoast_head_json":{"title":"Kori\u0161tenje kola\u010di\u0107a - Vikendholi\u010dari","robots":{"index":"index","follow":"follow","max-snippet":"max-snippet:-1","max-image-preview":"max-image-preview:large","max-video-preview":"max-video-preview:-1"},"canonical":"https:\/\/www.vikendholicari.hr\/planovi-vikend-putovanja\/koristenje-kolacica\/","og_locale":"hr_HR","og_type":"article","og_title":"Kori\u0161tenje kola\u010di\u0107a - Vikendholi\u010dari","og_description":"Kori\u0161tenje kola\u010di\u0107aU daljnjem tekstu \u017eelimo Vam pru\u017eiti informacije o upotrebi kola\u010di\u0107a i drugih tehnologija na internetskim stranicama Vikendholi\u010dari.hr (u daljnejm tekstu: Internet stranica). Kola\u010di\u0107 predstavlja informaciju koja se pohranjuje na Va\u0161e ra\u010dunalo od strane Internet stranice koju posje\u0107ujete. Kola\u010di\u0107i obi\u010dno spremaju Va\u0161e postavke te postavke za Internet stranicu, a kao \u0161to su preferirani jezik ili [&hellip;]","og_site_name":"Vikendholi\u010dari","article_publisher":"https:\/\/www.facebook.com\/vikendholicari","article_modified_time":"2024-09-11T07:01:03+00:00","og_image":[{"width":100,"height":100,"url":"https:\/\/www.vikendholicari.hr\/planovi-vikend-putovanja\/wp-content\/uploads\/2025\/11\/Potpis_Mario-1.png","type":"image\/png"}],"twitter_card":"summary_large_image","twitter_misc":{"Procijenjeno vrijeme \u010ditanja":"4 minute"},"schema":{"@context":"https:\/\/schema.org","@graph":[{"@type":"WebPage","@id":"https:\/\/www.vikendholicari.hr\/planovi-vikend-putovanja\/koristenje-kolacica\/","url":"https:\/\/www.vikendholicari.hr\/planovi-vikend-putovanja\/koristenje-kolacica\/","name":"Kori\u0161tenje kola\u010di\u0107a - Vikendholi\u010dari","isPartOf":{"@id":"https:\/\/www.vikendholicari.hr\/planovi-vikend-putovanja\/#website"},"datePublished":"2024-09-11T07:01:01+00:00","dateModified":"2024-09-11T07:01:03+00:00","breadcrumb":{"@id":"https:\/\/www.vikendholicari.hr\/planovi-vikend-putovanja\/koristenje-kolacica\/#breadcrumb"},"inLanguage":"hr","potentialAction":[{"@type":"ReadAction","target":["https:\/\/www.vikendholicari.hr\/planovi-vikend-putovanja\/koristenje-kolacica\/"]}]},{"@type":"BreadcrumbList","@id":"https:\/\/www.vikendholicari.hr\/planovi-vikend-putovanja\/koristenje-kolacica\/#breadcrumb","itemListElement":[{"@type":"ListItem","position":1,"name":"Po\u010detna stranica","item":"https:\/\/www.vikendholicari.hr\/planovi-vikend-putovanja\/"},{"@type":"ListItem","position":2,"name":"Kori\u0161tenje kola\u010di\u0107a"}]},{"@type":"WebSite","@id":"https:\/\/www.vikendholicari.hr\/planovi-vikend-putovanja\/#website","url":"https:\/\/www.vikendholicari.hr\/planovi-vikend-putovanja\/","name":"Vikendholi\u010dari","description":"\u017deli\u0161 iskusiti \u010daroliju vikend putovanja, ali ne \u017eeli\u0161 satima tra\u017eiti savr\u0161enu destinaciju?","publisher":{"@id":"https:\/\/www.vikendholicari.hr\/planovi-vikend-putovanja\/#organization"},"potentialAction":[{"@type":"SearchAction","target":{"@type":"EntryPoint","urlTemplate":"https:\/\/www.vikendholicari.hr\/planovi-vikend-putovanja\/?s={search_term_string}"},"query-input":{"@type":"PropertyValueSpecification","valueRequired":true,"valueName":"search_term_string"}}],"inLanguage":"hr"},{"@type":"Organization","@id":"https:\/\/www.vikendholicari.hr\/planovi-vikend-putovanja\/#organization","name":"MAGOMA d.o.o.","url":"https:\/\/www.vikendholicari.hr\/planovi-vikend-putovanja\/","logo":{"@type":"ImageObject","inLanguage":"hr","@id":"https:\/\/www.vikendholicari.hr\/planovi-vikend-putovanja\/#\/schema\/logo\/image\/","url":"https:\/\/www.vikendholicari.hr\/planovi-vikend-putovanja\/wp-content\/uploads\/2024\/08\/Vikendholicari-logo-horizontal.png","contentUrl":"https:\/\/www.vikendholicari.hr\/planovi-vikend-putovanja\/wp-content\/uploads\/2024\/08\/Vikendholicari-logo-horizontal.png","width":600,"height":176,"caption":"MAGOMA d.o.o."},"image":{"@id":"https:\/\/www.vikendholicari.hr\/planovi-vikend-putovanja\/#\/schema\/logo\/image\/"},"sameAs":["https:\/\/www.facebook.com\/vikendholicari","https:\/\/www.instagram.com\/vikendholicari\/","https:\/\/www.tiktok.com\/@vikendholicari","https:\/\/www.linkedin.com\/company\/vikendholicari\/?originalSubdomain=hr"]}]}},"_links":{"self":[{"href":"https:\/\/www.vikendholicari.hr\/planovi-vikend-putovanja\/wp-json\/wp\/v2\/pages\/223161","targetHints":{"allow":["GET"]}}],"collection":[{"href":"https:\/\/www.vikendholicari.hr\/planovi-vikend-putovanja\/wp-json\/wp\/v2\/pages"}],"about":[{"href":"https:\/\/www.vikendholicari.hr\/planovi-vikend-putovanja\/wp-json\/wp\/v2\/types\/page"}],"author":[{"embeddable":true,"href":"https:\/\/www.vikendholicari.hr\/planovi-vikend-putovanja\/wp-json\/wp\/v2\/users\/1"}],"replies":[{"embeddable":true,"href":"https:\/\/www.vikendholicari.hr\/planovi-vikend-putovanja\/wp-json\/wp\/v2\/comments?post=223161"}],"version-history":[{"count":2,"href":"https:\/\/www.vikendholicari.hr\/planovi-vikend-putovanja\/wp-json\/wp\/v2\/pages\/223161\/revisions"}],"predecessor-version":[{"id":223164,"href":"https:\/\/www.vikendholicari.hr\/planovi-vikend-putovanja\/wp-json\/wp\/v2\/pages\/223161\/revisions\/223164"}],"wp:attachment":[{"href":"https:\/\/www.vikendholicari.hr\/planovi-vikend-putovanja\/wp-json\/wp\/v2\/media?parent=223161"}],"curies":[{"name":"wp","href":"https:\/\/api.w.org\/{rel}","templated":true}]}}